{"id":189,"date":"2024-07-06T18:26:36","date_gmt":"2024-07-06T18:26:36","guid":{"rendered":"https:\/\/neuroplanet.cl\/tienda\/?post_type=product&#038;p=189"},"modified":"2025-02-11T21:26:22","modified_gmt":"2025-02-11T21:26:22","slug":"cama-acolchada-muy-pequena-con-cubrecama-lavable","status":"publish","type":"product","link":"https:\/\/neuroplanet.cl\/tienda\/producto\/cama-acolchada-muy-pequena-con-cubrecama-lavable\/","title":{"rendered":"Cama acolchada muy peque\u00f1a con cubrecama lavable (62 x 40 cm)"},"content":{"rendered":"<p>Cama acolchada en tela color blanco invierno con dise\u00f1o, para perros o gatos beb\u00e9s, con cubrecama lavable.<\/p>\n<p>Dimensiones:<br \/>\nExterior: 62 cm x 40 cm<br \/>\nInterior: 48 cm x 32 cm<\/p>\n","protected":false},"excerpt":{"rendered":"<p>Cama acolchada en tela color blanco invierno con dise\u00f1o, para perros o gatos beb\u00e9s, con cubrecama lavable.<\/p>\n","protected":false},"featured_media":204,"template":"","meta":[],"product_cat":[87],"product_tag":[88,90,92,93,89],"class_list":["post-189","product","type-product","status-publish","has-post-thumbnail","hentry","product_cat-camas","product_tag-cama","product_tag-camas","product_tag-cuna","product_tag-cunas","product_tag-cunita"],"_links":{"self":[{"href":"https:\/\/neuroplanet.cl\/tienda\/wp-json\/wp\/v2\/product\/189","targetHints":{"allow":["GET"]}}],"collection":[{"href":"https:\/\/neuroplanet.cl\/tienda\/wp-json\/wp\/v2\/product"}],"about":[{"href":"https:\/\/neuroplanet.cl\/tienda\/wp-json\/wp\/v2\/types\/product"}],"wp:featuredmedia":[{"embeddable":true,"href":"https:\/\/neuroplanet.cl\/tienda\/wp-json\/wp\/v2\/media\/204"}],"wp:attachment":[{"href":"https:\/\/neuroplanet.cl\/tienda\/wp-json\/wp\/v2\/media?parent=189"}],"wp:term":[{"taxonomy":"product_cat","embeddable":true,"href":"https:\/\/neuroplanet.cl\/tienda\/wp-json\/wp\/v2\/product_cat?post=189"},{"taxonomy":"product_tag","embeddable":true,"href":"https:\/\/neuroplanet.cl\/tienda\/wp-json\/wp\/v2\/product_tag?post=189"}],"curies":[{"name":"wp","href":"https:\/\/api.w.org\/{rel}","templated":true}]}}